

 {"id":824,"date":"2023-03-03T16:40:07","date_gmt":"2023-03-03T15:40:07","guid":{"rendered":"http:\/\/groupeconsortiumimmo-rci.com\/?page_id=824"},"modified":"2023-03-03T16:40:41","modified_gmt":"2023-03-03T15:40:41","slug":"nos-partenaires","status":"publish","type":"page","link":"https:\/\/groupeconsortiumimmo-rci.com\/index.php\/nos-partenaires\/","title":{"rendered":"Nos partenaires"},"content":{"rendered":"\t\t<div data-elementor-type=\"wp-page\" data-elementor-id=\"824\" class=\"elementor elementor-824\">\n\t\t\t\t\t\t\t\t\t<section class=\"elementor-section elementor-top-section elementor-element elementor-element-21f75b26 elementor-section-boxed elementor-section-height-default elementor-section-height-default\" data-id=\"21f75b26\" data-element_type=\"section\">\n\t\t\t\t\t\t<div class=\"elementor-container elementor-column-gap-default\">\n\t\t\t\t\t<div class=\"elementor-column elementor-col-100 elementor-top-column elementor-element elementor-element-74b94ec2\" data-id=\"74b94ec2\" data-element_type=\"column\">\n\t\t\t<div class=\"elementor-widget-wrap elementor-element-populated\">\n\t\t\t\t\t\t\t\t<div class=\"elementor-element elementor-element-444b701b elementor-widget elementor-widget-text-editor\" data-id=\"444b701b\" data-element_type=\"widget\" data-widget_type=\"text-editor.default\">\n\t\t\t\t<div class=\"elementor-widget-container\">\n\t\t\t<style>\/*! elementor - v3.11.2 - 22-02-2023 *\/\n.elementor-widget-text-editor.elementor-drop-cap-view-stacked .elementor-drop-cap{background-color:#818a91;color:#fff}.elementor-widget-text-editor.elementor-drop-cap-view-framed .elementor-drop-cap{color:#818a91;border:3px solid;background-color:transparent}.elementor-widget-text-editor:not(.elementor-drop-cap-view-default) .elementor-drop-cap{margin-top:8px}.elementor-widget-text-editor:not(.elementor-drop-cap-view-default) .elementor-drop-cap-letter{width:1em;height:1em}.elementor-widget-text-editor .elementor-drop-cap{float:left;text-align:center;line-height:1;font-size:50px}.elementor-widget-text-editor .elementor-drop-cap-letter{display:inline-block}<\/style>\t\t\t\t<!-- wp:quote -->\n<blockquote class=\"wp-block-quote\"><p><strong>Groupe Consortium Afrique<\/strong><\/p><cite>Lev\u00e9e de fonds, Interm\u00e9diation financi\u00e8re<\/cite><\/blockquote>\n<!-- \/wp:quote -->\n\n<!-- wp:image {\"id\":825,\"sizeSlug\":\"large\",\"linkDestination\":\"none\"} -->\n<figure class=\"wp-block-image size-large\"><img loading=\"lazy\" width=\"1024\" height=\"615\" src=\"https:\/\/groupeconsortiumimmo-rci.com\/wp-content\/uploads\/2023\/03\/Logo-Groupe-Consortium-Afrique-1024x615.png\" alt=\"\" class=\"wp-image-825\" srcset=\"https:\/\/groupeconsortiumimmo-rci.com\/wp-content\/uploads\/2023\/03\/Logo-Groupe-Consortium-Afrique-1024x615.png 1024w, https:\/\/groupeconsortiumimmo-rci.com\/wp-content\/uploads\/2023\/03\/Logo-Groupe-Consortium-Afrique-300x180.png 300w, https:\/\/groupeconsortiumimmo-rci.com\/wp-content\/uploads\/2023\/03\/Logo-Groupe-Consortium-Afrique-768x461.png 768w, https:\/\/groupeconsortiumimmo-rci.com\/wp-content\/uploads\/2023\/03\/Logo-Groupe-Consortium-Afrique-1536x923.png 1536w, https:\/\/groupeconsortiumimmo-rci.com\/wp-content\/uploads\/2023\/03\/Logo-Groupe-Consortium-Afrique-2048x1230.png 2048w\" sizes=\"(max-width: 1024px) 100vw, 1024px\" \/><figcaption>Sp\u00e9cialis\u00e9 dans la recherche de financement afin de lever des fonds \u00e0 des \u00c9tats pour des projets en Build Operate Transfert, Partenariat Public Priv\u00e9 ou en immobilier.<br>Le <strong>GROUPE CONSORTIUM AFRIQUE<\/strong> est une holding ayant des entreprises intervenant dans plusieurs secteurs d&#8217;activit\u00e9s notamment la promotion immobili\u00e8re, la promotion p\u00e9troli\u00e8re, le commerce g\u00e9n\u00e9rale, la s\u00e9curit\u00e9 priv\u00e9 etc&#8230;<br>Pr\u00e9sent en C\u00f4te d&#8217;Ivoire, au Burkina Faso, au B\u00e9nin, au Togo, en Gambie.<\/figcaption><\/figure>\n<!-- \/wp:image -->\n\n<!-- wp:separator -->\n<hr class=\"wp-block-separator\"\/>\n<!-- \/wp:separator -->\n\n<!-- wp:spacer -->\n<div style=\"height:100px\" aria-hidden=\"true\" class=\"wp-block-spacer\"><\/div>\n<!-- \/wp:spacer -->\n\n<!-- wp:separator -->\n<hr class=\"wp-block-separator\"\/>\n<!-- \/wp:separator -->\n\n<!-- wp:quote -->\n<blockquote class=\"wp-block-quote\"><p><strong>Gouvernement de C\u00f4te d&#8217;Ivoire<\/strong><\/p><cite>Projets de developpements<\/cite><\/blockquote>\n<!-- \/wp:quote -->\n\n<!-- wp:image {\"id\":680,\"sizeSlug\":\"large\",\"linkDestination\":\"none\"} -->\n<figure class=\"wp-block-image size-large\"><img loading=\"lazy\" width=\"1024\" height=\"905\" src=\"https:\/\/groupeconsortiumimmo-rci.com\/wp-content\/uploads\/2023\/02\/Cote-dIvoire-1-1024x905.png\" alt=\"\" class=\"wp-image-680\" srcset=\"https:\/\/groupeconsortiumimmo-rci.com\/wp-content\/uploads\/2023\/02\/Cote-dIvoire-1-1024x905.png 1024w, https:\/\/groupeconsortiumimmo-rci.com\/wp-content\/uploads\/2023\/02\/Cote-dIvoire-1-300x265.png 300w, https:\/\/groupeconsortiumimmo-rci.com\/wp-content\/uploads\/2023\/02\/Cote-dIvoire-1-768x679.png 768w, https:\/\/groupeconsortiumimmo-rci.com\/wp-content\/uploads\/2023\/02\/Cote-dIvoire-1.png 1200w\" sizes=\"(max-width: 1024px) 100vw, 1024px\" \/><figcaption>Nantis d&#8217;une convention avec le gouvernement ivoirien pour l&#8217;ex\u00e9cution de plusieurs projets de d\u00e9veloppement dans les secteurs de l&#8217;immobilier, les infrastructures et de l&#8217;\u00e9nergie. Ayant d\u00e9marr\u00e9 le premier projet de construction de quinze mille logements sociaux et \u00e9conomiques au profit de sa Mutuelle d&#8217;enseignants&#8230;<\/figcaption><\/figure>\n<!-- \/wp:image -->\n\n<!-- wp:themeisle-blocks\/button-group {\"id\":\"wp-block-themeisle-blocks-button-group-c4a42a77\"} -->\n<div id=\"wp-block-themeisle-blocks-button-group-c4a42a77\" class=\"wp-block-themeisle-blocks-button-group wp-block-buttons\"><!-- wp:themeisle-blocks\/button {\"id\":\"wp-block-themeisle-blocks-button-0956c91f\",\"newTab\":true} -->\n<div id=\"wp-block-themeisle-blocks-button-0956c91f\" class=\"wp-block-themeisle-blocks-button wp-block-button\"><a href=\"https:\/\/groupeconsortiumimmo-rci.com\/index.php\/left-sidebar\/\" target=\"_blank\" rel=\"noopener noreferrer\" class=\"wp-block-button__link\"><span><strong>Voir plus<\/strong><\/span><\/a><\/div>\n<!-- \/wp:themeisle-blocks\/button --><\/div>\n<!-- \/wp:themeisle-blocks\/button-group -->\n\n<!-- wp:separator -->\n<hr class=\"wp-block-separator\"\/>\n<!-- \/wp:separator -->\n\n<!-- wp:spacer -->\n<div style=\"height:100px\" aria-hidden=\"true\" class=\"wp-block-spacer\"><\/div>\n<!-- \/wp:spacer -->\n\n<!-- wp:quote -->\n<blockquote class=\"wp-block-quote\"><p><strong>Mupemunet-ci<\/strong><\/p><cite>Mutuelle des personnels du minist\u00e8re de l&#8217;\u00e9ducation nationale et de l&#8217;enseignement technique de C\u00f4te d&#8217;Ivoire.<\/cite><\/blockquote>\n<!-- \/wp:quote -->\n\n<!-- wp:image {\"id\":677,\"sizeSlug\":\"large\",\"linkDestination\":\"none\"} -->\n<figure class=\"wp-block-image size-large\"><img loading=\"lazy\" width=\"1024\" height=\"1024\" src=\"https:\/\/groupeconsortiumimmo-rci.com\/wp-content\/uploads\/2023\/02\/320985039_666220901642024_4204993013005905739_n.jpg-1024x1024.png\" alt=\"\" class=\"wp-image-677\" srcset=\"https:\/\/groupeconsortiumimmo-rci.com\/wp-content\/uploads\/2023\/02\/320985039_666220901642024_4204993013005905739_n.jpg-1024x1024.png 1024w, https:\/\/groupeconsortiumimmo-rci.com\/wp-content\/uploads\/2023\/02\/320985039_666220901642024_4204993013005905739_n.jpg-300x300.png 300w, https:\/\/groupeconsortiumimmo-rci.com\/wp-content\/uploads\/2023\/02\/320985039_666220901642024_4204993013005905739_n.jpg-150x150.png 150w, https:\/\/groupeconsortiumimmo-rci.com\/wp-content\/uploads\/2023\/02\/320985039_666220901642024_4204993013005905739_n.jpg-768x768.png 768w, https:\/\/groupeconsortiumimmo-rci.com\/wp-content\/uploads\/2023\/02\/320985039_666220901642024_4204993013005905739_n.jpg-1536x1536.png 1536w, https:\/\/groupeconsortiumimmo-rci.com\/wp-content\/uploads\/2023\/02\/320985039_666220901642024_4204993013005905739_n.jpg.png 1667w\" sizes=\"(max-width: 1024px) 100vw, 1024px\" \/><figcaption>Dans le cadre de la construction de quinze mille logements<\/figcaption><\/figure>\n<!-- \/wp:image -->\n\n<!-- wp:themeisle-blocks\/button-group {\"id\":\"wp-block-themeisle-blocks-button-group-e45efb2d\"} -->\n<div id=\"wp-block-themeisle-blocks-button-group-e45efb2d\" class=\"wp-block-themeisle-blocks-button-group wp-block-buttons\"><!-- wp:themeisle-blocks\/button {\"id\":\"wp-block-themeisle-blocks-button-2bedbd22\",\"newTab\":true} -->\n<div id=\"wp-block-themeisle-blocks-button-2bedbd22\" class=\"wp-block-themeisle-blocks-button wp-block-button\"><a href=\"https:\/\/mupemenetci.org\/?fbclid=IwAR2SYuM_vZU0Z6B7fMtHKf3Oy8HNQmLL3zykaroc8gzjgXZ5vVAY0XaBnkc\" target=\"_blank\" rel=\"noopener noreferrer\" class=\"wp-block-button__link\"><span>Voir plus<\/span><\/a><\/div>\n<!-- \/wp:themeisle-blocks\/button --><\/div>\n<!-- \/wp:themeisle-blocks\/button-group -->\n\n<!-- wp:separator -->\n<hr class=\"wp-block-separator\"\/>\n<!-- \/wp:separator -->\n\n<!-- wp:spacer -->\n<div style=\"height:100px\" aria-hidden=\"true\" class=\"wp-block-spacer\"><\/div>\n<!-- \/wp:spacer -->\n\n<!-- wp:quote -->\n<blockquote class=\"wp-block-quote\"><p><strong>UEMOA<\/strong><\/p><cite>Union \u00c9conomique et Mon\u00e9taire de l&#8217;Afrique de l&#8217;Ouest<\/cite><\/blockquote>\n<!-- \/wp:quote -->\n\n<!-- wp:image {\"id\":684,\"sizeSlug\":\"full\",\"linkDestination\":\"none\"} -->\n<figure class=\"wp-block-image size-full\"><img loading=\"lazy\" width=\"840\" height=\"822\" src=\"https:\/\/groupeconsortiumimmo-rci.com\/wp-content\/uploads\/2023\/02\/UEMOA-png.png\" alt=\"\" class=\"wp-image-684\" srcset=\"https:\/\/groupeconsortiumimmo-rci.com\/wp-content\/uploads\/2023\/02\/UEMOA-png.png 840w, https:\/\/groupeconsortiumimmo-rci.com\/wp-content\/uploads\/2023\/02\/UEMOA-png-300x294.png 300w, https:\/\/groupeconsortiumimmo-rci.com\/wp-content\/uploads\/2023\/02\/UEMOA-png-768x752.png 768w\" sizes=\"(max-width: 840px) 100vw, 840px\" \/><figcaption>Dans le cadre de l&#8217;investissement pour la r\u00e9alisation de tous nos projets de constructions<\/figcaption><\/figure>\n<!-- \/wp:image -->\n\n<!-- wp:separator -->\n<hr class=\"wp-block-separator\"\/>\n<!-- \/wp:separator -->\n\n<!-- wp:spacer -->\n<div style=\"height:100px\" aria-hidden=\"true\" class=\"wp-block-spacer\"><\/div>\n<!-- \/wp:spacer -->\n\n<!-- wp:nextpage -->\n<!--nextpage-->\n<!-- \/wp:nextpage -->\n\n<!-- wp:quote -->\n<blockquote class=\"wp-block-quote\"><p><strong>GES2I<\/strong><\/p><cite>Grande Entreprise de Services Immobiliers International<\/cite><\/blockquote>\n<!-- \/wp:quote -->\n\n<!-- wp:image {\"id\":679,\"sizeSlug\":\"large\",\"linkDestination\":\"none\"} -->\n<figure class=\"wp-block-image size-large\"><img loading=\"lazy\" width=\"1024\" height=\"722\" src=\"https:\/\/groupeconsortiumimmo-rci.com\/wp-content\/uploads\/2023\/02\/329580837_599434088669950_2641189022434749047_n.jpg-1024x722.png\" alt=\"\" class=\"wp-image-679\" srcset=\"https:\/\/groupeconsortiumimmo-rci.com\/wp-content\/uploads\/2023\/02\/329580837_599434088669950_2641189022434749047_n.jpg-1024x722.png 1024w, https:\/\/groupeconsortiumimmo-rci.com\/wp-content\/uploads\/2023\/02\/329580837_599434088669950_2641189022434749047_n.jpg-300x212.png 300w, https:\/\/groupeconsortiumimmo-rci.com\/wp-content\/uploads\/2023\/02\/329580837_599434088669950_2641189022434749047_n.jpg-768x542.png 768w, https:\/\/groupeconsortiumimmo-rci.com\/wp-content\/uploads\/2023\/02\/329580837_599434088669950_2641189022434749047_n.jpg-1536x1083.png 1536w, https:\/\/groupeconsortiumimmo-rci.com\/wp-content\/uploads\/2023\/02\/329580837_599434088669950_2641189022434749047_n.jpg.png 2048w\" sizes=\"(max-width: 1024px) 100vw, 1024px\" \/><figcaption>Dans le cadre d&#8217;une promotion immobili\u00e8re<\/figcaption><\/figure>\n<!-- \/wp:image -->\n\n<!-- wp:buttons -->\n<div class=\"wp-block-buttons\"><!-- wp:button -->\n<div class=\"wp-block-button\"><a class=\"wp-block-button__link\" href=\"https:\/\/ges2i.com\/?fbclid=IwAR0V16uWRq5BSZVnsOjSkci2vrFLC-jEu72DQcZUFO4x--iwVXBaw-rogEU\" target=\"_blank\" rel=\"noreferrer noopener\"><strong>en savoir plus<\/strong><\/a><\/div>\n<!-- \/wp:button --><\/div>\n<!-- \/wp:buttons -->\n\n<!-- wp:separator -->\n<hr class=\"wp-block-separator\"\/>\n<!-- \/wp:separator -->\n\n<!-- wp:quote -->\n<blockquote class=\"wp-block-quote\"><p>KIKIS BIO<\/p><\/blockquote>\n<!-- \/wp:quote -->\n\n<!-- wp:spacer -->\n<div style=\"height:100px\" aria-hidden=\"true\" class=\"wp-block-spacer\"><\/div>\n<!-- \/wp:spacer -->\n\n<!-- wp:image {\"id\":678,\"sizeSlug\":\"full\",\"linkDestination\":\"none\"} -->\n<figure class=\"wp-block-image size-full\"><img loading=\"lazy\" width=\"478\" height=\"477\" src=\"https:\/\/groupeconsortiumimmo-rci.com\/wp-content\/uploads\/2023\/02\/312046721_637272824792722_6957314747830524630_n.jpg.png\" alt=\"\" class=\"wp-image-678\" srcset=\"https:\/\/groupeconsortiumimmo-rci.com\/wp-content\/uploads\/2023\/02\/312046721_637272824792722_6957314747830524630_n.jpg.png 478w, https:\/\/groupeconsortiumimmo-rci.com\/wp-content\/uploads\/2023\/02\/312046721_637272824792722_6957314747830524630_n.jpg-300x300.png 300w, https:\/\/groupeconsortiumimmo-rci.com\/wp-content\/uploads\/2023\/02\/312046721_637272824792722_6957314747830524630_n.jpg-150x150.png 150w\" sizes=\"(max-width: 478px) 100vw, 478px\" \/><figcaption>Promotion immobili\u00e8re sur le territoire de C\u00f4te d&#8217;Ivoire<\/figcaption><\/figure>\n<!-- \/wp:image -->\n\n<!-- wp:themeisle-blocks\/button-group {\"id\":\"wp-block-themeisle-blocks-button-group-f33cfcc2\"} -->\n<div id=\"wp-block-themeisle-blocks-button-group-f33cfcc2\" class=\"wp-block-themeisle-blocks-button-group wp-block-buttons\"><!-- wp:themeisle-blocks\/button {\"id\":\"wp-block-themeisle-blocks-button-3249cc56\",\"newTab\":true} -->\n<div id=\"wp-block-themeisle-blocks-button-3249cc56\" class=\"wp-block-themeisle-blocks-button wp-block-button\"><a href=\"https:\/\/www.facebook.com\/kikis.Biovrai.798\/about\" target=\"_blank\" rel=\"noopener noreferrer\" class=\"wp-block-button__link\"><span>en savoir plus<\/span><\/a><\/div>\n<!-- \/wp:themeisle-blocks\/button --><\/div>\n<!-- \/wp:themeisle-blocks\/button-group -->\n\n<!-- wp:separator -->\n<hr class=\"wp-block-separator\"\/>\n<!-- \/wp:separator -->\n\n<!-- wp:spacer -->\n<div style=\"height:100px\" aria-hidden=\"true\" class=\"wp-block-spacer\"><\/div>\n<!-- \/wp:spacer -->\n\n<!-- wp:quote -->\n<blockquote class=\"wp-block-quote\"><p><strong>Faso Holding Immobilier<\/strong><\/p><cite>Promotion immobili\u00e8re<\/cite><\/blockquote>\n<!-- \/wp:quote -->\n\n<!-- wp:image {\"id\":834,\"sizeSlug\":\"large\",\"linkDestination\":\"none\"} -->\n<figure class=\"wp-block-image size-large\"><img loading=\"lazy\" width=\"1024\" height=\"460\" src=\"https:\/\/groupeconsortiumimmo-rci.com\/wp-content\/uploads\/2023\/03\/Logo-Faso-Holding-Immo-1024x460.png\" alt=\"\" class=\"wp-image-834\" srcset=\"https:\/\/groupeconsortiumimmo-rci.com\/wp-content\/uploads\/2023\/03\/Logo-Faso-Holding-Immo-1024x460.png 1024w, https:\/\/groupeconsortiumimmo-rci.com\/wp-content\/uploads\/2023\/03\/Logo-Faso-Holding-Immo-300x135.png 300w, https:\/\/groupeconsortiumimmo-rci.com\/wp-content\/uploads\/2023\/03\/Logo-Faso-Holding-Immo-768x345.png 768w, https:\/\/groupeconsortiumimmo-rci.com\/wp-content\/uploads\/2023\/03\/Logo-Faso-Holding-Immo-1536x690.png 1536w, https:\/\/groupeconsortiumimmo-rci.com\/wp-content\/uploads\/2023\/03\/Logo-Faso-Holding-Immo-2048x920.png 2048w\" sizes=\"(max-width: 1024px) 100vw, 1024px\" \/><figcaption>Agence Immobili\u00e8re,sp\u00e9cialis\u00e9 dans la vente et location: de parcelle,Terrain d&#8217;appartement de maison,de Villa,Atelier,Bureau,Local Divers<\/figcaption><\/figure>\n<!-- \/wp:image -->\n\n<!-- wp:themeisle-blocks\/button-group {\"id\":\"wp-block-themeisle-blocks-button-group-a3a1be64\"} -->\n<div id=\"wp-block-themeisle-blocks-button-group-a3a1be64\" class=\"wp-block-themeisle-blocks-button-group wp-block-buttons\"><!-- wp:themeisle-blocks\/button {\"id\":\"wp-block-themeisle-blocks-button-1832660c\",\"newTab\":true} -->\n<div id=\"wp-block-themeisle-blocks-button-1832660c\" class=\"wp-block-themeisle-blocks-button wp-block-button\"><a href=\"http:\/\/www.fasoholdingimmo.com\/\" target=\"_blank\" rel=\"noopener noreferrer\" class=\"wp-block-button__link\"><span>en savoir plus<\/span><\/a><\/div>\n<!-- \/wp:themeisle-blocks\/button --><\/div>\n<!-- \/wp:themeisle-blocks\/button-group -->\n\n<!-- wp:separator -->\n<hr class=\"wp-block-separator\"\/>\n<!-- \/wp:separator -->\n\n<!-- wp:spacer -->\n<div style=\"height:100px\" aria-hidden=\"true\" class=\"wp-block-spacer\"><\/div>\n<!-- \/wp:spacer -->\n\n<!-- wp:quote -->\n<blockquote class=\"wp-block-quote\"><p><strong>LA TRIADE<\/strong><\/p><cite>Commerce g\u00e9n\u00e9ral et interm\u00e9diation financi\u00e8re<\/cite><\/blockquote>\n<!-- \/wp:quote -->\n\n<!-- wp:image {\"id\":672,\"sizeSlug\":\"full\",\"linkDestination\":\"none\"} -->\n<figure class=\"wp-block-image size-full\"><img loading=\"lazy\" width=\"1000\" height=\"1000\" src=\"https:\/\/groupeconsortiumimmo-rci.com\/wp-content\/uploads\/2023\/02\/Logo-Triade-dore\u0301.png\" alt=\"\" class=\"wp-image-672\" srcset=\"https:\/\/groupeconsortiumimmo-rci.com\/wp-content\/uploads\/2023\/02\/Logo-Triade-dore\u0301.png 1000w, https:\/\/groupeconsortiumimmo-rci.com\/wp-content\/uploads\/2023\/02\/Logo-Triade-dore\u0301-300x300.png 300w, https:\/\/groupeconsortiumimmo-rci.com\/wp-content\/uploads\/2023\/02\/Logo-Triade-dore\u0301-150x150.png 150w, https:\/\/groupeconsortiumimmo-rci.com\/wp-content\/uploads\/2023\/02\/Logo-Triade-dore\u0301-768x768.png 768w\" sizes=\"(max-width: 1000px) 100vw, 1000px\" \/><figcaption><strong>LA TRIADE<\/strong><\/figcaption><\/figure>\n<!-- \/wp:image -->\n\n<!-- wp:paragraph -->\n<p><\/p>\n<!-- \/wp:paragraph -->\t\t\t\t\t\t<\/div>\n\t\t\t\t<\/div>\n\t\t\t\t\t<\/div>\n\t\t<\/div>\n\t\t\t\t\t\t\t<\/div>\n\t\t<\/section>\n\t\t\t\t\t\t\t<\/div>\n\t\t","protected":false},"excerpt":{"rendered":"<p>Groupe Consortium Afrique Lev\u00e9e de fonds, Interm\u00e9diation financi\u00e8re Gouvernement de C\u00f4te d&#8217;Ivoire Projets de developpements Mupemunet-ci Mutuelle des personnels du minist\u00e8re de l&#8217;\u00e9ducation nationale et de l&#8217;enseignement technique de C\u00f4te d&#8217;Ivoire. UEMOA Union \u00c9conomique et Mon\u00e9taire de l&#8217;Afrique de l&#8217;Ouest<\/p>\n","protected":false},"author":1,"featured_media":0,"parent":0,"menu_order":0,"comment_status":"closed","ping_status":"closed","template":"","meta":{"om_disable_all_campaigns":false,"_monsterinsights_skip_tracking":false,"_monsterinsights_sitenote_active":false,"_monsterinsights_sitenote_note":"","_monsterinsights_sitenote_category":0,"_themeisle_gutenberg_block_has_review":false},"_links":{"self":[{"href":"https:\/\/groupeconsortiumimmo-rci.com\/index.php\/wp-json\/wp\/v2\/pages\/824"}],"collection":[{"href":"https:\/\/groupeconsortiumimmo-rci.com\/index.php\/wp-json\/wp\/v2\/pages"}],"about":[{"href":"https:\/\/groupeconsortiumimmo-rci.com\/index.php\/wp-json\/wp\/v2\/types\/page"}],"author":[{"embeddable":true,"href":"https:\/\/groupeconsortiumimmo-rci.com\/index.php\/wp-json\/wp\/v2\/users\/1"}],"replies":[{"embeddable":true,"href":"https:\/\/groupeconsortiumimmo-rci.com\/index.php\/wp-json\/wp\/v2\/comments?post=824"}],"version-history":[{"count":7,"href":"https:\/\/groupeconsortiumimmo-rci.com\/index.php\/wp-json\/wp\/v2\/pages\/824\/revisions"}],"predecessor-version":[{"id":838,"href":"https:\/\/groupeconsortiumimmo-rci.com\/index.php\/wp-json\/wp\/v2\/pages\/824\/revisions\/838"}],"wp:attachment":[{"href":"https:\/\/groupeconsortiumimmo-rci.com\/index.php\/wp-json\/wp\/v2\/media?parent=824"}],"curies":[{"name":"wp","href":"https:\/\/api.w.org\/{rel}","templated":true}]}}